{"id":106,"date":"2024-02-24T11:22:31","date_gmt":"2024-02-24T14:22:31","guid":{"rendered":"https:\/\/www.globalprev.com.br\/institucional\/?page_id=106"},"modified":"2024-04-26T16:43:22","modified_gmt":"2024-04-26T19:43:22","slug":"contato","status":"publish","type":"page","link":"https:\/\/www.globalprev.com.br\/institucional\/contato\/","title":{"rendered":"Contato"},"content":{"rendered":"\t\t<div data-elementor-type=\"wp-page\" data-elementor-id=\"106\" class=\"elementor elementor-106\" data-elementor-post-type=\"page\">\n\t\t\t\t<div class=\"elementor-element elementor-element-3f5370d e-flex e-con-boxed e-con e-parent\" data-id=\"3f5370d\" data-element_type=\"container\" data-settings=\"{&quot;background_background&quot;:&quot;classic&quot;}\">\n\t\t\t\t\t<div class=\"e-con-inner\">\n\t\t<div class=\"elementor-element elementor-element-6e8b0a4 e-con-full e-flex e-con e-child\" data-id=\"6e8b0a4\" data-element_type=\"container\">\n\t\t\t\t<div class=\"elementor-element elementor-element-917f218 elementor-widget-tablet__width-initial elementor-widget-mobile__width-initial elementor-widget elementor-widget-heading\" data-id=\"917f218\" data-element_type=\"widget\" data-widget_type=\"heading.default\">\n\t\t\t\t<div class=\"elementor-widget-container\">\n\t\t\t\t\t<h2 class=\"elementor-heading-title elementor-size-default\">Ficou com alguma d\u00favida?<\/h2>\t\t\t\t<\/div>\n\t\t\t\t<\/div>\n\t\t\t\t<div class=\"elementor-element elementor-element-d35ec05 elementor-widget-tablet__width-initial elementor-widget-mobile__width-initial elementor-widget elementor-widget-text-editor\" data-id=\"d35ec05\" data-element_type=\"widget\" data-widget_type=\"text-editor.default\">\n\t\t\t\t<div class=\"elementor-widget-container\">\n\t\t\t\t\t\t\t\t\t<p><strong>Fale conosco!<\/strong> Solu\u00e7\u00f5es inteligentes para todas as suas necessidades previdenci\u00e1rias<\/p>\t\t\t\t\t\t\t\t<\/div>\n\t\t\t\t<\/div>\n\t\t\t\t<div class=\"elementor-element elementor-element-6c0c005 elementor-tablet-align-center elementor-mobile-align-justify elementor-widget-mobile__width-initial elementor-widget elementor-widget-button\" data-id=\"6c0c005\" data-element_type=\"widget\" data-widget_type=\"button.default\">\n\t\t\t\t<div class=\"elementor-widget-container\">\n\t\t\t\t\t\t\t\t\t<div class=\"elementor-button-wrapper\">\n\t\t\t\t\t<a class=\"elementor-button elementor-button-link elementor-size-lg\" href=\"https:\/\/api.whatsapp.com\/send?phone=5543999264989&#038;text=Ol\u00e1,%20vim%20pelo%20site.%20Gostaria%20de%20mais%20informa\u00e7\u00f5es%20sobre%20a%20GlobalPrev\" target=\"_blank\">\n\t\t\t\t\t\t<span class=\"elementor-button-content-wrapper\">\n\t\t\t\t\t\t\t\t\t<span class=\"elementor-button-text\">Fazer an\u00e1lise gratuita<\/span>\n\t\t\t\t\t<\/span>\n\t\t\t\t\t<\/a>\n\t\t\t\t<\/div>\n\t\t\t\t\t\t\t\t<\/div>\n\t\t\t\t<\/div>\n\t\t\t\t<\/div>\n\t\t\t\t\t<\/div>\n\t\t\t\t<\/div>\n\t\t<div class=\"elementor-element elementor-element-e56e437 e-con-full e-flex e-con e-parent\" data-id=\"e56e437\" data-element_type=\"container\">\n\t\t\t\t<div class=\"elementor-element elementor-element-c16b846 elementor-widget elementor-widget-image\" data-id=\"c16b846\" data-element_type=\"widget\" data-widget_type=\"image.default\">\n\t\t\t\t<div class=\"elementor-widget-container\">\n\t\t\t\t\t\t\t\t\t\t\t\t\t\t\t<img decoding=\"async\" width=\"800\" height=\"30\" src=\"https:\/\/www.globalprev.com.br\/institucional\/wp-content\/uploads\/2024\/02\/ELEMENTOS--1024x39.webp\" class=\"attachment-large size-large wp-image-41\" alt=\"\" srcset=\"https:\/\/www.globalprev.com.br\/institucional\/wp-content\/uploads\/2024\/02\/ELEMENTOS--1024x39.webp 1024w, https:\/\/www.globalprev.com.br\/institucional\/wp-content\/uploads\/2024\/02\/ELEMENTOS--300x12.webp 300w, https:\/\/www.globalprev.com.br\/institucional\/wp-content\/uploads\/2024\/02\/ELEMENTOS--768x30.webp 768w, https:\/\/www.globalprev.com.br\/institucional\/wp-content\/uploads\/2024\/02\/ELEMENTOS--1536x59.webp 1536w, https:\/\/www.globalprev.com.br\/institucional\/wp-content\/uploads\/2024\/02\/ELEMENTOS-.webp 1920w\" sizes=\"(max-width: 800px) 100vw, 800px\" \/>\t\t\t\t\t\t\t\t\t\t\t\t\t\t\t<\/div>\n\t\t\t\t<\/div>\n\t\t\t\t<div class=\"elementor-element elementor-element-d00143e elementor-widget-mobile__width-initial elementor-widget-tablet__width-initial elementor-widget elementor-widget-heading\" data-id=\"d00143e\" data-element_type=\"widget\" data-widget_type=\"heading.default\">\n\t\t\t\t<div class=\"elementor-widget-container\">\n\t\t\t\t\t<h2 class=\"elementor-heading-title elementor-size-default\">Entre em contato agora mesmo!<\/h2>\t\t\t\t<\/div>\n\t\t\t\t<\/div>\n\t\t\t\t<div class=\"elementor-element elementor-element-bdc0b75 elementor-widget__width-initial elementor-widget elementor-widget-text-editor\" data-id=\"bdc0b75\" data-element_type=\"widget\" data-widget_type=\"text-editor.default\">\n\t\t\t\t<div class=\"elementor-widget-container\">\n\t\t\t\t\t\t\t\t\t<p class=\"p1\">Sabemos o qu\u00e3o complicado pode parecer alguns processos, por isso, a <strong>Global Prev<\/strong> conta com uma equipe altamente especializada em <strong>benef\u00edcios previdenci\u00e1rios<\/strong>, pronta para auxilia-lo a assegurar seus direitos com efici\u00eancia!<\/p><p class=\"p2\">N\u00e3o perca tempo, <strong>entre em contato<\/strong> conosco agora mesmo pelo <strong>WhatsApp<\/strong> e receba orienta\u00e7\u00e3o de profissionais experientes e comprometidos, prontos para gui\u00e1-lo nessa nova fase da sua vida.<\/p><p class=\"p2\">\u00c9 simples, r\u00e1pido e sem complica\u00e7\u00f5es.<\/p>\t\t\t\t\t\t\t\t<\/div>\n\t\t\t\t<\/div>\n\t\t\t\t<div class=\"elementor-element elementor-element-dbc8b84 elementor-tablet-align-center elementor-mobile-align-justify elementor-widget-mobile__width-initial elementor-align-center elementor-widget elementor-widget-button\" data-id=\"dbc8b84\" data-element_type=\"widget\" data-widget_type=\"button.default\">\n\t\t\t\t<div class=\"elementor-widget-container\">\n\t\t\t\t\t\t\t\t\t<div class=\"elementor-button-wrapper\">\n\t\t\t\t\t<a class=\"elementor-button elementor-button-link elementor-size-lg\" href=\"https:\/\/api.whatsapp.com\/send?phone=5543999264989&#038;text=Ol\u00e1,%20vim%20pelo%20site.%20Gostaria%20de%20mais%20informa\u00e7\u00f5es%20sobre%20a%20GlobalPrev\" target=\"_blank\">\n\t\t\t\t\t\t<span class=\"elementor-button-content-wrapper\">\n\t\t\t\t\t\t<span class=\"elementor-button-icon\">\n\t\t\t\t<svg aria-hidden=\"true\" class=\"e-font-icon-svg e-fab-whatsapp\" viewBox=\"0 0 448 512\" xmlns=\"http:\/\/www.w3.org\/2000\/svg\"><path d=\"M380.9 97.1C339 55.1 283.2 32 223.9 32c-122.4 0-222 99.6-222 222 0 39.1 10.2 77.3 29.6 111L0 480l117.7-30.9c32.4 17.7 68.9 27 106.1 27h.1c122.3 0 224.1-99.6 224.1-222 0-59.3-25.2-115-67.1-157zm-157 341.6c-33.2 0-65.7-8.9-94-25.7l-6.7-4-69.8 18.3L72 359.2l-4.4-7c-18.5-29.4-28.2-63.3-28.2-98.2 0-101.7 82.8-184.5 184.6-184.5 49.3 0 95.6 19.2 130.4 54.1 34.8 34.9 56.2 81.2 56.1 130.5 0 101.8-84.9 184.6-186.6 184.6zm101.2-138.2c-5.5-2.8-32.8-16.2-37.9-18-5.1-1.9-8.8-2.8-12.5 2.8-3.7 5.6-14.3 18-17.6 21.8-3.2 3.7-6.5 4.2-12 1.4-32.6-16.3-54-29.1-75.5-66-5.7-9.8 5.7-9.1 16.3-30.3 1.8-3.7.9-6.9-.5-9.7-1.4-2.8-12.5-30.1-17.1-41.2-4.5-10.8-9.1-9.3-12.5-9.5-3.2-.2-6.9-.2-10.6-.2-3.7 0-9.7 1.4-14.8 6.9-5.1 5.6-19.4 19-19.4 46.3 0 27.3 19.9 53.7 22.6 57.4 2.8 3.7 39.1 59.7 94.8 83.8 35.2 15.2 49 16.5 66.6 13.9 10.7-1.6 32.8-13.4 37.4-26.4 4.6-13 4.6-24.1 3.2-26.4-1.3-2.5-5-3.9-10.5-6.6z\"><\/path><\/svg>\t\t\t<\/span>\n\t\t\t\t\t\t\t\t\t<span class=\"elementor-button-text\">Falar via WhatsApp<\/span>\n\t\t\t\t\t<\/span>\n\t\t\t\t\t<\/a>\n\t\t\t\t<\/div>\n\t\t\t\t\t\t\t\t<\/div>\n\t\t\t\t<\/div>\n\t\t\t\t<\/div>\n\t\t<div class=\"elementor-element elementor-element-f5da245 e-flex e-con-boxed e-con e-parent\" data-id=\"f5da245\" data-element_type=\"container\">\n\t\t\t\t\t<div class=\"e-con-inner\">\n\t\t\t\t<div class=\"elementor-element elementor-element-0ce389a elementor-widget-mobile__width-initial elementor-widget elementor-widget-heading\" data-id=\"0ce389a\" data-element_type=\"widget\" data-widget_type=\"heading.default\">\n\t\t\t\t<div class=\"elementor-widget-container\">\n\t\t\t\t\t<h2 class=\"elementor-heading-title elementor-size-default\">Perguntas frequentes<\/h2>\t\t\t\t<\/div>\n\t\t\t\t<\/div>\n\t\t\t\t<div class=\"elementor-element elementor-element-f8ab4cc elementor-widget elementor-widget-eael-adv-accordion\" data-id=\"f8ab4cc\" data-element_type=\"widget\" data-widget_type=\"eael-adv-accordion.default\">\n\t\t\t\t<div class=\"elementor-widget-container\">\n\t\t\t\t\t        <div class=\"eael-adv-accordion\" id=\"eael-adv-accordion-f8ab4cc\" data-scroll-on-click=\"no\" data-scroll-speed=\"300\" data-accordion-id=\"f8ab4cc\" data-accordion-type=\"accordion\" data-toogle-speed=\"300\">\n    <div class=\"eael-accordion-list\">\n                <div id=\"como-fao-para-conversar-com-uma-assessora\" class=\"elementor-tab-title eael-accordion-header\" tabindex=\"0\" data-tab=\"1\" aria-controls=\"elementor-tab-content-2601\"><span class=\"eael-accordion-tab-title\">Como fa\u00e7o para conversar com uma assessora?<\/span><svg aria-hidden=\"true\" class=\"fa-toggle e-font-icon-svg e-fas-angle-down\" viewBox=\"0 0 320 512\" xmlns=\"http:\/\/www.w3.org\/2000\/svg\"><path d=\"M143 352.3L7 216.3c-9.4-9.4-9.4-24.6 0-33.9l22.6-22.6c9.4-9.4 24.6-9.4 33.9 0l96.4 96.4 96.4-96.4c9.4-9.4 24.6-9.4 33.9 0l22.6 22.6c9.4 9.4 9.4 24.6 0 33.9l-136 136c-9.2 9.4-24.4 9.4-33.8 0z\"><\/path><\/svg><\/div><div id=\"elementor-tab-content-2601\" class=\"eael-accordion-content clearfix\" data-tab=\"1\" aria-labelledby=\"como-fao-para-conversar-com-uma-assessora\"><p class=\"p1\">Para realizar uma consulta com uma de nossas assessoras, basta clicar em qualquer campo em verde no qual consta a seguinte frase \u201cFALAR VIA WHATSAPP\u201d, ou entrar em contato atrav\u00e9s de um dos nossos canais de atendimento que se encontram na parte inferior deste site.<\/p><\/div>\n                <\/div><div class=\"eael-accordion-list\">\n                <div id=\"a-anlise-realizada-tem-algum-custo\" class=\"elementor-tab-title eael-accordion-header\" tabindex=\"0\" data-tab=\"2\" aria-controls=\"elementor-tab-content-2602\"><span class=\"eael-accordion-tab-title\">A an\u00e1lise realizada tem algum custo?<\/span><svg aria-hidden=\"true\" class=\"fa-toggle e-font-icon-svg e-fas-angle-down\" viewBox=\"0 0 320 512\" xmlns=\"http:\/\/www.w3.org\/2000\/svg\"><path d=\"M143 352.3L7 216.3c-9.4-9.4-9.4-24.6 0-33.9l22.6-22.6c9.4-9.4 24.6-9.4 33.9 0l96.4 96.4 96.4-96.4c9.4-9.4 24.6-9.4 33.9 0l22.6 22.6c9.4 9.4 9.4 24.6 0 33.9l-136 136c-9.2 9.4-24.4 9.4-33.8 0z\"><\/path><\/svg><\/div><div id=\"elementor-tab-content-2602\" class=\"eael-accordion-content clearfix\" data-tab=\"2\" aria-labelledby=\"a-anlise-realizada-tem-algum-custo\"><p class=\"p1\">N\u00e3o. A an\u00e1lise inicial serve para conhecermos um pouco mais sobre voc\u00ea e sua hist\u00f3ria e verificarmos se voc\u00ea cumpre os requisitos necess\u00e1rios \u00e0 solicita\u00e7\u00e3o do benef\u00edcio pretendido.<\/p><\/div>\n                <\/div><div class=\"eael-accordion-list\">\n                <div id=\"sou-de-outro-estado-posso-solicitar-meu-benefcio-com-vocs\" class=\"elementor-tab-title eael-accordion-header\" tabindex=\"0\" data-tab=\"3\" aria-controls=\"elementor-tab-content-2603\"><span class=\"eael-accordion-tab-title\">Sou de outro estado posso solicitar meu benef\u00edcio com voc\u00eas?<\/span><svg aria-hidden=\"true\" class=\"fa-toggle e-font-icon-svg e-fas-angle-down\" viewBox=\"0 0 320 512\" xmlns=\"http:\/\/www.w3.org\/2000\/svg\"><path d=\"M143 352.3L7 216.3c-9.4-9.4-9.4-24.6 0-33.9l22.6-22.6c9.4-9.4 24.6-9.4 33.9 0l96.4 96.4 96.4-96.4c9.4-9.4 24.6-9.4 33.9 0l22.6 22.6c9.4 9.4 9.4 24.6 0 33.9l-136 136c-9.2 9.4-24.4 9.4-33.8 0z\"><\/path><\/svg><\/div><div id=\"elementor-tab-content-2603\" class=\"eael-accordion-content clearfix\" data-tab=\"3\" aria-labelledby=\"sou-de-outro-estado-posso-solicitar-meu-benefcio-com-vocs\"><p class=\"p1\">Sim. O Instituto Nacional do Seguro Nacional \u00e9 de \u00e2mbito nacional e o sistema utilizado para realizar os requerimentos \u00e9 o mesmo em todo o territ\u00f3rio brasileiro. Assim, o procedimento empregado na solicita\u00e7\u00e3o do benef\u00edcio desejado \u00e9 o mesmo em qualquer lugar do pa\u00eds independente do estado em que voc\u00ea se encontra.<span class=\"Apple-converted-space\">\u00a0 <\/span>Ainda, ap\u00f3s a concess\u00e3o do benef\u00edcio, voc\u00ea recebe os valores a que tem direito na cidade onde est\u00e1 residindo.<\/p><\/div>\n                <\/div><\/div>\t\t\t\t<\/div>\n\t\t\t\t<\/div>\n\t\t\t\t\t<\/div>\n\t\t\t\t<\/div>\n\t\t\t\t<\/div>\n\t\t","protected":false},"excerpt":{"rendered":"<p>Ficou com alguma d\u00favida? Fale conosco! Solu\u00e7\u00f5es inteligentes para todas as suas necessidades previdenci\u00e1rias Fazer an\u00e1lise gratuita Entre em contato agora mesmo! Sabemos o qu\u00e3o complicado pode parecer alguns processos, por isso, a Global Prev conta com uma equipe altamente especializada em benef\u00edcios previdenci\u00e1rios, pronta para auxilia-lo a assegurar seus direitos com efici\u00eancia! N\u00e3o perca [&hellip;]<\/p>\n","protected":false},"author":2,"featured_media":0,"parent":0,"menu_order":0,"comment_status":"closed","ping_status":"closed","template":"elementor_header_footer","meta":{"footnotes":""},"class_list":["post-106","page","type-page","status-publish","hentry"],"_links":{"self":[{"href":"https:\/\/www.globalprev.com.br\/institucional\/wp-json\/wp\/v2\/pages\/106","targetHints":{"allow":["GET"]}}],"collection":[{"href":"https:\/\/www.globalprev.com.br\/institucional\/wp-json\/wp\/v2\/pages"}],"about":[{"href":"https:\/\/www.globalprev.com.br\/institucional\/wp-json\/wp\/v2\/types\/page"}],"author":[{"embeddable":true,"href":"https:\/\/www.globalprev.com.br\/institucional\/wp-json\/wp\/v2\/users\/2"}],"replies":[{"embeddable":true,"href":"https:\/\/www.globalprev.com.br\/institucional\/wp-json\/wp\/v2\/comments?post=106"}],"version-history":[{"count":19,"href":"https:\/\/www.globalprev.com.br\/institucional\/wp-json\/wp\/v2\/pages\/106\/revisions"}],"predecessor-version":[{"id":325,"href":"https:\/\/www.globalprev.com.br\/institucional\/wp-json\/wp\/v2\/pages\/106\/revisions\/325"}],"wp:attachment":[{"href":"https:\/\/www.globalprev.com.br\/institucional\/wp-json\/wp\/v2\/media?parent=106"}],"curies":[{"name":"wp","href":"https:\/\/api.w.org\/{rel}","templated":true}]}}