{"id":222,"date":"2024-02-28T20:52:54","date_gmt":"2024-02-28T23:52:54","guid":{"rendered":"https:\/\/www.globalprev.com.br\/institucional\/?page_id=222"},"modified":"2024-02-28T21:04:27","modified_gmt":"2024-02-29T00:04:27","slug":"aposentadoria","status":"publish","type":"page","link":"https:\/\/www.globalprev.com.br\/institucional\/aposentadoria\/","title":{"rendered":"Aposentadoria"},"content":{"rendered":"\t\t<div data-elementor-type=\"wp-page\" data-elementor-id=\"222\" class=\"elementor elementor-222\" data-elementor-post-type=\"page\">\n\t\t\t\t<div class=\"elementor-element elementor-element-3f5370d e-flex e-con-boxed e-con e-parent\" data-id=\"3f5370d\" data-element_type=\"container\" data-settings=\"{&quot;background_background&quot;:&quot;classic&quot;}\">\n\t\t\t\t\t<div class=\"e-con-inner\">\n\t\t<div class=\"elementor-element elementor-element-6e8b0a4 e-con-full e-flex e-con e-child\" data-id=\"6e8b0a4\" data-element_type=\"container\">\n\t\t\t\t<div class=\"elementor-element elementor-element-917f218 elementor-widget-tablet__width-initial elementor-widget-mobile__width-initial elementor-widget elementor-widget-heading\" data-id=\"917f218\" data-element_type=\"widget\" data-widget_type=\"heading.default\">\n\t\t\t\t<div class=\"elementor-widget-container\">\n\t\t\t\t\t<h2 class=\"elementor-heading-title elementor-size-default\">APOSENTADORIA<\/h2>\t\t\t\t<\/div>\n\t\t\t\t<\/div>\n\t\t\t\t<div class=\"elementor-element elementor-element-d35ec05 elementor-widget-tablet__width-initial elementor-widget-mobile__width-initial elementor-widget elementor-widget-text-editor\" data-id=\"d35ec05\" data-element_type=\"widget\" data-widget_type=\"text-editor.default\">\n\t\t\t\t<div class=\"elementor-widget-container\">\n\t\t\t\t\t\t\t\t\t<p><strong>Solu\u00e7\u00f5es inteligentes<\/strong> para todas as suas necessidades previdenci\u00e1rias<\/p>\t\t\t\t\t\t\t\t<\/div>\n\t\t\t\t<\/div>\n\t\t\t\t<div class=\"elementor-element elementor-element-6c0c005 elementor-tablet-align-center elementor-mobile-align-justify elementor-widget-mobile__width-initial elementor-widget elementor-widget-button\" data-id=\"6c0c005\" data-element_type=\"widget\" data-widget_type=\"button.default\">\n\t\t\t\t<div class=\"elementor-widget-container\">\n\t\t\t\t\t\t\t\t\t<div class=\"elementor-button-wrapper\">\n\t\t\t\t\t<a class=\"elementor-button elementor-button-link elementor-size-lg\" href=\"https:\/\/api.whatsapp.com\/send?phone=5543999264989&#038;text=Ol\u00e1,%20vim%20pelo%20site.%20Gostaria%20de%20mais%20informa\u00e7\u00f5es%20sobre%20a%20GlobalPrev\" target=\"_blank\">\n\t\t\t\t\t\t<span class=\"elementor-button-content-wrapper\">\n\t\t\t\t\t\t\t\t\t<span class=\"elementor-button-text\">Fazer an\u00e1lise gratuita<\/span>\n\t\t\t\t\t<\/span>\n\t\t\t\t\t<\/a>\n\t\t\t\t<\/div>\n\t\t\t\t\t\t\t\t<\/div>\n\t\t\t\t<\/div>\n\t\t\t\t<\/div>\n\t\t\t\t\t<\/div>\n\t\t\t\t<\/div>\n\t\t<div class=\"elementor-element elementor-element-e56e437 e-con-full e-flex e-con e-parent\" data-id=\"e56e437\" data-element_type=\"container\">\n\t\t\t\t<div class=\"elementor-element elementor-element-c16b846 elementor-widget elementor-widget-image\" data-id=\"c16b846\" data-element_type=\"widget\" data-widget_type=\"image.default\">\n\t\t\t\t<div class=\"elementor-widget-container\">\n\t\t\t\t\t\t\t\t\t\t\t\t\t\t\t<img decoding=\"async\" width=\"800\" height=\"30\" src=\"https:\/\/www.globalprev.com.br\/institucional\/wp-content\/uploads\/2024\/02\/ELEMENTOS--1024x39.webp\" class=\"attachment-large size-large wp-image-41\" alt=\"\" srcset=\"https:\/\/www.globalprev.com.br\/institucional\/wp-content\/uploads\/2024\/02\/ELEMENTOS--1024x39.webp 1024w, https:\/\/www.globalprev.com.br\/institucional\/wp-content\/uploads\/2024\/02\/ELEMENTOS--300x12.webp 300w, https:\/\/www.globalprev.com.br\/institucional\/wp-content\/uploads\/2024\/02\/ELEMENTOS--768x30.webp 768w, https:\/\/www.globalprev.com.br\/institucional\/wp-content\/uploads\/2024\/02\/ELEMENTOS--1536x59.webp 1536w, https:\/\/www.globalprev.com.br\/institucional\/wp-content\/uploads\/2024\/02\/ELEMENTOS-.webp 1920w\" sizes=\"(max-width: 800px) 100vw, 800px\" \/>\t\t\t\t\t\t\t\t\t\t\t\t\t\t\t<\/div>\n\t\t\t\t<\/div>\n\t\t\t\t<div class=\"elementor-element elementor-element-d00143e elementor-widget-mobile__width-initial elementor-widget-tablet__width-initial elementor-widget__width-initial elementor-widget elementor-widget-heading\" data-id=\"d00143e\" data-element_type=\"widget\" data-widget_type=\"heading.default\">\n\t\t\t\t<div class=\"elementor-widget-container\">\n\t\t\t\t\t<h2 class=\"elementor-heading-title elementor-size-default\">Aposentadoria<\/h2>\t\t\t\t<\/div>\n\t\t\t\t<\/div>\n\t\t\t\t<div class=\"elementor-element elementor-element-bdc0b75 elementor-widget__width-initial elementor-widget elementor-widget-text-editor\" data-id=\"bdc0b75\" data-element_type=\"widget\" data-widget_type=\"text-editor.default\">\n\t\t\t\t<div class=\"elementor-widget-container\">\n\t\t\t\t\t\t\t\t\t<p class=\"p1\">A aposentadoria \u00e9 um benef\u00edcio previdenci\u00e1rio oferecido pelo Instituto Nacional do Seguro Social (INSS) no Brasil. Ela proporciona uma renda mensal vital\u00edcia aos trabalhadores que contribu\u00edram para a Previd\u00eancia Social ao longo de sua vida laboral e atendem aos requisitos espec\u00edficos estabelecidos pela legisla\u00e7\u00e3o previdenci\u00e1ria. Existem diferentes modalidades de aposentadoria, como por idade, por tempo de contribui\u00e7\u00e3o, por invalidez e especial, cada uma com suas pr\u00f3prias exig\u00eancias e crit\u00e9rios de elegibilidade.<\/p><p class=\"p1\">O objetivo da aposentadoria \u00e9 garantir a seguran\u00e7a financeira na terceira idade e reconhecer o esfor\u00e7o e contribui\u00e7\u00e3o dos trabalhadores ao longo de suas vidas.<\/p>\t\t\t\t\t\t\t\t<\/div>\n\t\t\t\t<\/div>\n\t\t\t\t<\/div>\n\t\t<div class=\"elementor-element elementor-element-f5da245 e-flex e-con-boxed e-con e-parent\" data-id=\"f5da245\" data-element_type=\"container\">\n\t\t\t\t\t<div class=\"e-con-inner\">\n\t\t\t\t<div class=\"elementor-element elementor-element-0ce389a elementor-widget-mobile__width-initial elementor-widget elementor-widget-heading\" data-id=\"0ce389a\" data-element_type=\"widget\" data-widget_type=\"heading.default\">\n\t\t\t\t<div class=\"elementor-widget-container\">\n\t\t\t\t\t<h2 class=\"elementor-heading-title elementor-size-default\">Perguntas frequentes<\/h2>\t\t\t\t<\/div>\n\t\t\t\t<\/div>\n\t\t\t\t<div class=\"elementor-element elementor-element-f8ab4cc elementor-widget elementor-widget-eael-adv-accordion\" data-id=\"f8ab4cc\" data-element_type=\"widget\" data-widget_type=\"eael-adv-accordion.default\">\n\t\t\t\t<div class=\"elementor-widget-container\">\n\t\t\t\t\t        <div class=\"eael-adv-accordion\" id=\"eael-adv-accordion-f8ab4cc\" data-scroll-on-click=\"no\" data-scroll-speed=\"300\" data-accordion-id=\"f8ab4cc\" data-accordion-type=\"accordion\" data-toogle-speed=\"300\">\n    <div class=\"eael-accordion-list\">\n                <div id=\"quais-so-os-tipos-de-aposentadoria-disponveis\" class=\"elementor-tab-title eael-accordion-header\" tabindex=\"0\" data-tab=\"1\" aria-controls=\"elementor-tab-content-2601\"><span class=\"eael-accordion-tab-title\">Quais s\u00e3o os tipos de aposentadoria dispon\u00edveis?<\/span><svg aria-hidden=\"true\" class=\"fa-toggle e-font-icon-svg e-fas-angle-down\" viewBox=\"0 0 320 512\" xmlns=\"http:\/\/www.w3.org\/2000\/svg\"><path d=\"M143 352.3L7 216.3c-9.4-9.4-9.4-24.6 0-33.9l22.6-22.6c9.4-9.4 24.6-9.4 33.9 0l96.4 96.4 96.4-96.4c9.4-9.4 24.6-9.4 33.9 0l22.6 22.6c9.4 9.4 9.4 24.6 0 33.9l-136 136c-9.2 9.4-24.4 9.4-33.8 0z\"><\/path><\/svg><\/div><div id=\"elementor-tab-content-2601\" class=\"eael-accordion-content clearfix\" data-tab=\"1\" aria-labelledby=\"quais-so-os-tipos-de-aposentadoria-disponveis\"><p class=\"p1\">No Brasil, existem diversos tipos de aposentadoria dispon\u00edveis, cada um destinado a situa\u00e7\u00f5es espec\u00edficas e com crit\u00e9rios de elegibilidade pr\u00f3prios. Alguns dos principais tipos de aposentadoria s\u00e3o:<\/p><p class=\"p1\">1.Aposentadoria por idade;<\/p><p class=\"p1\">2.Aposentadoria por tempo de contribui\u00e7\u00e3o;<\/p><p class=\"p1\">3.Aposentadoria por invalidez;<\/p><p class=\"p1\">4.Aposentadoria especial;<\/p><p class=\"p1\">5.Aposentadoria por tempo de servi\u00e7o rural;<\/p><p class=\"p1\">6.Aposentadoria por tempo de contribui\u00e7\u00e3o do professor.<\/p><\/div>\n                <\/div><div class=\"eael-accordion-list\">\n                <div id=\"quanto-tempo-de-contribuio-necessrio-para-se-aposentar-por-idade\" class=\"elementor-tab-title eael-accordion-header\" tabindex=\"0\" data-tab=\"2\" aria-controls=\"elementor-tab-content-2602\"><span class=\"eael-accordion-tab-title\">Quanto tempo de contribui\u00e7\u00e3o \u00e9 necess\u00e1rio para se aposentar por idade?<\/span><svg aria-hidden=\"true\" class=\"fa-toggle e-font-icon-svg e-fas-angle-down\" viewBox=\"0 0 320 512\" xmlns=\"http:\/\/www.w3.org\/2000\/svg\"><path d=\"M143 352.3L7 216.3c-9.4-9.4-9.4-24.6 0-33.9l22.6-22.6c9.4-9.4 24.6-9.4 33.9 0l96.4 96.4 96.4-96.4c9.4-9.4 24.6-9.4 33.9 0l22.6 22.6c9.4 9.4 9.4 24.6 0 33.9l-136 136c-9.2 9.4-24.4 9.4-33.8 0z\"><\/path><\/svg><\/div><div id=\"elementor-tab-content-2602\" class=\"eael-accordion-content clearfix\" data-tab=\"2\" aria-labelledby=\"quanto-tempo-de-contribuio-necessrio-para-se-aposentar-por-idade\"><p class=\"p1\">Atualmente, para se aposentar por idade, \u00e9 necess\u00e1rio ter, no m\u00ednimo, 180 meses de contribui\u00e7\u00e3o, ou seja, 15 anos. Al\u00e9m disso, \u00e9 preciso atingir a idade m\u00ednima estabelecida em lei, que \u00e9 de 65 anos para homens e 62 anos para mulheres.<\/p><\/div>\n                <\/div><div class=\"eael-accordion-list\">\n                <div id=\"posso-continuar-trabalhando-aps-me-aposentar\" class=\"elementor-tab-title eael-accordion-header\" tabindex=\"0\" data-tab=\"3\" aria-controls=\"elementor-tab-content-2603\"><span class=\"eael-accordion-tab-title\">Posso continuar trabalhando ap\u00f3s me aposentar?<\/span><svg aria-hidden=\"true\" class=\"fa-toggle e-font-icon-svg e-fas-angle-down\" viewBox=\"0 0 320 512\" xmlns=\"http:\/\/www.w3.org\/2000\/svg\"><path d=\"M143 352.3L7 216.3c-9.4-9.4-9.4-24.6 0-33.9l22.6-22.6c9.4-9.4 24.6-9.4 33.9 0l96.4 96.4 96.4-96.4c9.4-9.4 24.6-9.4 33.9 0l22.6 22.6c9.4 9.4 9.4 24.6 0 33.9l-136 136c-9.2 9.4-24.4 9.4-33.8 0z\"><\/path><\/svg><\/div><div id=\"elementor-tab-content-2603\" class=\"eael-accordion-content clearfix\" data-tab=\"3\" aria-labelledby=\"posso-continuar-trabalhando-aps-me-aposentar\"><p class=\"p1\">Sim, \u00e9 poss\u00edvel continuar trabalhando ap\u00f3s se aposentar. Nos casos de aposentadoria por tempo de contribui\u00e7\u00e3o ou por idade, o segurado pode continuar exercendo atividades remuneradas normalmente, sem qualquer restri\u00e7\u00e3o.<\/p><p class=\"p1\">Entretanto, \u00e9 importante mencionar que, caso o aposentado volte a contribuir para a Previd\u00eancia Social, ele n\u00e3o acumular\u00e1 novas aposentadorias com a que j\u00e1 recebe. Ou seja, mesmo que continue trabalhando e contribuindo para o INSS, n\u00e3o receber\u00e1 um novo benef\u00edcio de aposentadoria.<\/p><\/div>\n                <\/div><\/div>\t\t\t\t<\/div>\n\t\t\t\t<\/div>\n\t\t\t\t\t<\/div>\n\t\t\t\t<\/div>\n\t\t<div class=\"elementor-element elementor-element-d85ac9e e-flex e-con-boxed e-con e-parent\" data-id=\"d85ac9e\" data-element_type=\"container\">\n\t\t\t\t\t<div class=\"e-con-inner\">\n\t\t\t\t<div class=\"elementor-element elementor-element-a446be2 elementor-tablet-align-center elementor-mobile-align-justify elementor-widget-mobile__width-initial elementor-align-center elementor-widget elementor-widget-button\" data-id=\"a446be2\" data-element_type=\"widget\" data-widget_type=\"button.default\">\n\t\t\t\t<div class=\"elementor-widget-container\">\n\t\t\t\t\t\t\t\t\t<div class=\"elementor-button-wrapper\">\n\t\t\t\t\t<a class=\"elementor-button elementor-button-link elementor-size-lg\" href=\"https:\/\/api.whatsapp.com\/send?phone=5543999264989&#038;text=Ol\u00e1,%20vim%20pelo%20site.%20Gostaria%20de%20mais%20informa\u00e7\u00f5es%20sobre%20a%20GlobalPrev\">\n\t\t\t\t\t\t<span class=\"elementor-button-content-wrapper\">\n\t\t\t\t\t\t\t\t\t<span class=\"elementor-button-text\">Fazer an\u00e1lise gratuita<\/span>\n\t\t\t\t\t<\/span>\n\t\t\t\t\t<\/a>\n\t\t\t\t<\/div>\n\t\t\t\t\t\t\t\t<\/div>\n\t\t\t\t<\/div>\n\t\t\t\t\t<\/div>\n\t\t\t\t<\/div>\n\t\t\t\t<\/div>\n\t\t","protected":false},"excerpt":{"rendered":"<p>APOSENTADORIA Solu\u00e7\u00f5es inteligentes para todas as suas necessidades previdenci\u00e1rias Fazer an\u00e1lise gratuita Aposentadoria A aposentadoria \u00e9 um benef\u00edcio previdenci\u00e1rio oferecido pelo Instituto Nacional do Seguro Social (INSS) no Brasil. Ela proporciona uma renda mensal vital\u00edcia aos trabalhadores que contribu\u00edram para a Previd\u00eancia Social ao longo de sua vida laboral e atendem aos requisitos espec\u00edficos estabelecidos [&hellip;]<\/p>\n","protected":false},"author":1,"featured_media":0,"parent":0,"menu_order":0,"comment_status":"closed","ping_status":"closed","template":"elementor_header_footer","meta":{"footnotes":""},"class_list":["post-222","page","type-page","status-publish","hentry"],"_links":{"self":[{"href":"https:\/\/www.globalprev.com.br\/institucional\/wp-json\/wp\/v2\/pages\/222","targetHints":{"allow":["GET"]}}],"collection":[{"href":"https:\/\/www.globalprev.com.br\/institucional\/wp-json\/wp\/v2\/pages"}],"about":[{"href":"https:\/\/www.globalprev.com.br\/institucional\/wp-json\/wp\/v2\/types\/page"}],"author":[{"embeddable":true,"href":"https:\/\/www.globalprev.com.br\/institucional\/wp-json\/wp\/v2\/users\/1"}],"replies":[{"embeddable":true,"href":"https:\/\/www.globalprev.com.br\/institucional\/wp-json\/wp\/v2\/comments?post=222"}],"version-history":[{"count":10,"href":"https:\/\/www.globalprev.com.br\/institucional\/wp-json\/wp\/v2\/pages\/222\/revisions"}],"predecessor-version":[{"id":260,"href":"https:\/\/www.globalprev.com.br\/institucional\/wp-json\/wp\/v2\/pages\/222\/revisions\/260"}],"wp:attachment":[{"href":"https:\/\/www.globalprev.com.br\/institucional\/wp-json\/wp\/v2\/media?parent=222"}],"curies":[{"name":"wp","href":"https:\/\/api.w.org\/{rel}","templated":true}]}}